{"id":568,"date":"2022-05-16T11:10:02","date_gmt":"2022-05-16T11:10:02","guid":{"rendered":"https:\/\/peis-people.com\/startseite\/"},"modified":"2024-08-02T06:01:02","modified_gmt":"2024-08-02T06:01:02","slug":"startseite","status":"publish","type":"page","link":"https:\/\/peis-people.com\/de\/","title":{"rendered":"Home"},"content":{"rendered":"<p>[vc_section cf_light_color=&#8220;&#8220; cf_image_half=&#8220;&#8220; cf_background_image=&#8220;101&#8243;][vc_row][vc_column][cf_section_content_holder indent=&#8220;&#8220;][cf_section_text_variation rotation=&#8220;is_active&#8220; main_text=&#8220;Systemische Strategie.&#8220; subline=&#8220;peis&amp;people ist eure kreative SparringspartnerIn, HerausfordererIn, StrategIn und Coach f\u00fcr eure pers\u00f6nliche und organisatorische Entwicklung, euer Team und eure Marke.&#8220; exploded_list=&#8220;Inspirierende ,Empathische ,Nachhaltige&#8220; cf_testimonial=&#8220;%5B%7B%7D%5D&#8220;][\/cf_section_content_holder][\/vc_column][\/vc_row][\/vc_section][vc_section cf_background_color=&#8220;cf-color-1-bg&#8220; cf_light_color=&#8220;is_light&#8220; cf_image_half=&#8220;&#8220;][vc_row][vc_column][cf_section_content_holder background_color=&#8220;cf-color-1-bg&#8220; indent=&#8220;&#8220;][cf_section_text_variation rotation=&#8220;is_active&#8220; exploded_list=&#8220;Wie transformieren wir unsere Marke? ,Wie sollten wir kommunizieren?,Wie verbessern wir uns als Team?&#8220; title=&#8220;Wenn Du Dich fragst &#8230;&#8220; cf_testimonial=&#8220;%5B%7B%7D%5D&#8220;][\/cf_section_content_holder][\/vc_column][\/vc_row][\/vc_section][vc_section cf_light_color=&#8220;is_light&#8220; cf_image_half=&#8220;&#8220; cf_background_image=&#8220;184&#8243;][vc_row][vc_column][cf_section_content_holder indent=&#8220;&#8220;][cf_section_text_variation rotation=&#8220;&#8220; main_text=&#8220;Wir erkunden mit euch, euren Kontext und schauen uns eure Herausforderungen aus einer Hummel-Perspektive* an.&#8220; subline=&#8220;Dabei ber\u00fccksichtigen wir auch die unterschiedlichen Perspektiven in eurer Organisation und von euren Teams.&#8220; overlay_ref_id=&#8220;bumblebee&#8220; cf_testimonial=&#8220;%5B%7B%7D%5D&#8220;][\/cf_section_content_holder][\/vc_column][\/vc_row][\/vc_section][vc_section cf_background_color=&#8220;cf-color-2-bg&#8220; cf_light_color=&#8220;&#8220; cf_image_half=&#8220;is_image_half&#8220; cf_background_image=&#8220;102&#8243;][vc_row][vc_column][cf_section_content_holder indent=&#8220;&#8220;][cf_section_text_variation rotation=&#8220;&#8220; main_text=&#8220;Wir helfen euch, eure Perspektive zu wechseln und Chancen unter der Oberfl\u00e4che zu erkennen.&#8220; cf_testimonial=&#8220;%5B%7B%7D%5D&#8220; subline=&#8220;Eure strategische Fragen gehen wir dabei mit einer offenen und empathischen Haltung an, um in enger Zusammenarbeit mit euch und den Menschen in eurer Organisation L\u00f6sungen zu entwickeln.&#8220;][\/cf_section_content_holder][\/vc_column][\/vc_row][\/vc_section][vc_section cf_light_color=&#8220;is_light&#8220; cf_image_half=&#8220;&#8220; cf_opacity_image=&#8220;0.7&#8243; cf_background_image=&#8220;27&#8243;][vc_row][vc_column][cf_section_content_holder indent=&#8220;&#8220;][cf_section_text_variation main_text=&#8220;Uns geht es nicht um ein Strategie-Deck f\u00fcr die n\u00e4chste Vorstandssitzung oder f\u00fcr die Schublade!&#8220; subline=&#8220;Es geht um nachhaltige Strategien, die f\u00fcr eure Projekte hilfreich sind und von euren Teams gelebt werden.&#8220; cf_testimonial=&#8220;%5B%7B%7D%5D&#8220;][\/cf_section_content_holder][\/vc_column][\/vc_row][\/vc_section][vc_section cf_light_color=&#8220;&#8220; cf_image_half=&#8220;&#8220; cf_background_image=&#8220;104&#8243;][vc_row][vc_column]<div class=\"cf-latest-posts\">\n\t\t\t<h3>Lernt unsere Projekte kennen.<\/h3>\n\t\t\t<div class=\"cf-latest-posts__wrapper\">\n\t\t\t\t\n\t\t<div>\n\t\t\t<a href=\"https:\/\/peis-people.com\/de\/teamvision-teamstruktur\/\">\n\t\t\t\t<p class=\"cf-fs-2\">#1<\/p>\n\t\t\t\t<p class=\"cf-fs-1 cf-latest-posts__title\">Teamvision &amp; Teamstruktur.\n\t\t\t\t\t<span>\n\t\t\t\t\t\t<svg class=\"icon cf-icon-arrow_right\"><use xlink:href=\"#cf-icon-arrow_right\"><\/use><\/svg>\n\t\t\t\t\t<\/span>\n\t\t\t\t<\/p>\n\t\t\t\t<p class=\"cf-fs-3\">Coaching \u2014 Team-Entwicklung<\/p>\n\t\t\t<\/a>\n\t\t<\/div>\n\t\n\t\t<div>\n\t\t\t<a href=\"https:\/\/peis-people.com\/de\/positionierung-kampagnenentwicklung\/\">\n\t\t\t\t<p class=\"cf-fs-2\">#2<\/p>\n\t\t\t\t<p class=\"cf-fs-1 cf-latest-posts__title\">Positionierung &amp; Kampagne.\n\t\t\t\t\t<span>\n\t\t\t\t\t\t<svg class=\"icon cf-icon-arrow_right\"><use xlink:href=\"#cf-icon-arrow_right\"><\/use><\/svg>\n\t\t\t\t\t<\/span>\n\t\t\t\t<\/p>\n\t\t\t\t<p class=\"cf-fs-3\">Kommunikationsstrategie \u2014 Markenstrategie<\/p>\n\t\t\t<\/a>\n\t\t<\/div>\n\t\n\t\t<div>\n\t\t\t<a href=\"https:\/\/peis-people.com\/de\/zweck-der-marke-teamstruktur\/\">\n\t\t\t\t<p class=\"cf-fs-2\">#3<\/p>\n\t\t\t\t<p class=\"cf-fs-1 cf-latest-posts__title\">Marken Purpose &amp; Teamstruktur.\n\t\t\t\t\t<span>\n\t\t\t\t\t\t<svg class=\"icon cf-icon-arrow_right\"><use xlink:href=\"#cf-icon-arrow_right\"><\/use><\/svg>\n\t\t\t\t\t<\/span>\n\t\t\t\t<\/p>\n\t\t\t\t<p class=\"cf-fs-3\">Markenstrategie \u2014 Team-Entwicklung<\/p>\n\t\t\t<\/a>\n\t\t<\/div>\n\t\n\t\t\t<\/div>\n\t<\/div>[\/vc_column][\/vc_row][\/vc_section][vc_row][vc_column]<div class=\"cf-overlay cf-overlay--hidden cf_j_overlay\" data-id=\"bumblebee\">\n    <div class=\"vc_row\">\n      <div class=\"vc_row_inner\">\n        <div class=\"vc_column\">\n          <div class=\"cf-overlay__wrapper\">\n              <svg class=\"icon cf-icon-close\"><use xlink:href=\"#cf-icon-close\"><\/use><\/svg>\n              <p class=\"cf-overlay__title\">Unsere Hummel-Perspektive<\/p><h3 class=\"cf-overlay__main-text\">Wir glauben an die Nachhaltigkeit eines ganzheitlichen Angangs von Projekten. Daf\u00fcr versuchen wir stets, eure Herausforderungen in ihrer Gesamtheit zu betrachten. Deswegen analysieren wir nicht nur die Situation selbst, sondern auch den gr\u00f6\u00dferen Kontext.<\/h3><div class=\"cf-overlay__subline\">Die Hummel ist unsere Inspiration: Sie ist sozial und intelligent. Ihre F\u00e4higkeiten, Muster zu erkennen, r\u00fcckw\u00e4rts zu fliegen und die r\u00e4umliche Anordnung ihrer Umgebung im Verh\u00e4ltnis zu ihrem K\u00f6rper wahrzunehmen, hilft ihr, sich sicher und effizient durch dicht gedr\u00e4ngte Umgebungen zu bewegen. Wir sind nicht unbeholfen, sondern geschickt und zielorientiert. Wie eine freundliche Hummel.<\/div>\n          <\/div>\n        <\/div>\n      <\/div>\n    <\/div>\n  <\/div>[\/vc_column][\/vc_row]<\/p>\n","protected":false},"excerpt":{"rendered":"<p>[vc_section cf_light_color=&#8220;&#8220; cf_image_half=&#8220;&#8220; cf_background_image=&#8220;101&#8243;][vc_row][vc_column][cf_section_content_holder indent=&#8220;&#8220;][cf_section_text_variation rotation=&#8220;is_active&#8220; main_text=&#8220;Systemische Strategie.&#8220; subline=&#8220;peis&amp;people ist eure kreative SparringspartnerIn, HerausfordererIn, StrategIn und Coach f\u00fcr eure pers\u00f6nliche und organisatorische Entwicklung, euer Team und eure Marke.&#8220; exploded_list=&#8220;Inspirierende ,Empathische ,Nachhaltige&#8220; cf_testimonial=&#8220;%5B%7B%7D%5D&#8220;][\/cf_section_content_holder][\/vc_column][\/vc_row][\/vc_section][vc_section cf_background_color=&#8220;cf-color-1-bg&#8220; cf_light_color=&#8220;is_light&#8220; cf_image_half=&#8220;&#8220;][vc_row][vc_column][cf_section_content_holder background_color=&#8220;cf-color-1-bg&#8220; indent=&#8220;&#8220;][cf_section_text_variation rotation=&#8220;is_active&#8220; exploded_list=&#8220;Wie transformieren wir unsere Marke? ,Wie sollten wir kommunizieren?,Wie verbessern wir uns als Team?&#8220; title=&#8220;Wenn Du Dich [&hellip;]<\/p>\n","protected":false},"author":1,"featured_media":0,"parent":0,"menu_order":0,"comment_status":"closed","ping_status":"closed","template":"","meta":{"footnotes":""},"class_list":["post-568","page","type-page","status-publish","hentry"],"yoast_head":"<!-- This site is optimized with the Yoast SEO plugin v27.3 - https:\/\/yoast.com\/product\/yoast-seo-wordpress\/ -->\n<title>Home - Peis und Menschen<\/title>\n<meta name=\"description\" content=\"Inspirierende, einf\u00fchlsame nachhaltige systemische Strategie f\u00fcr Marken und Organisationsentwicklung. Marken- und Kommunikationsstrategie, systemisches Coaching\" \/>\n<meta name=\"robots\" content=\"index, follow, max-snippet:-1, max-image-preview:large, max-video-preview:-1\" \/>\n<link rel=\"canonical\" href=\"https:\/\/peis-people.com\/de\/\" \/>\n<meta property=\"og:locale\" content=\"de_DE\" \/>\n<meta property=\"og:type\" content=\"article\" \/>\n<meta property=\"og:title\" content=\"Home - Peis und Menschen\" \/>\n<meta property=\"og:description\" content=\"Inspirierende, einf\u00fchlsame nachhaltige systemische Strategie f\u00fcr Marken und Organisationsentwicklung. Marken- und Kommunikationsstrategie, systemisches Coaching\" \/>\n<meta property=\"og:url\" content=\"https:\/\/peis-people.com\/de\/\" \/>\n<meta property=\"og:site_name\" content=\"Peis und Menschen\" \/>\n<meta property=\"article:modified_time\" content=\"2024-08-02T06:01:02+00:00\" \/>\n<meta property=\"og:image\" content=\"https:\/\/peis-people.com\/wp-content\/uploads\/2022\/05\/peis-people_home_3.png\" \/>\n\t<meta property=\"og:image:width\" content=\"1440\" \/>\n\t<meta property=\"og:image:height\" content=\"1536\" \/>\n\t<meta property=\"og:image:type\" content=\"image\/png\" \/>\n<meta name=\"twitter:card\" content=\"summary_large_image\" \/>\n<meta name=\"twitter:label1\" content=\"Gesch\u00e4tzte Lesezeit\" \/>\n\t<meta name=\"twitter:data1\" content=\"3\u00a0Minuten\" \/>\n<script type=\"application\/ld+json\" class=\"yoast-schema-graph\">{\"@context\":\"https:\\\/\\\/schema.org\",\"@graph\":[{\"@type\":\"WebPage\",\"@id\":\"https:\\\/\\\/peis-people.com\\\/de\\\/\",\"url\":\"https:\\\/\\\/peis-people.com\\\/de\\\/\",\"name\":\"Home - Peis und Menschen\",\"isPartOf\":{\"@id\":\"https:\\\/\\\/peis-people.com\\\/de\\\/#website\"},\"datePublished\":\"2022-05-16T11:10:02+00:00\",\"dateModified\":\"2024-08-02T06:01:02+00:00\",\"description\":\"Inspirierende, einf\u00fchlsame nachhaltige systemische Strategie f\u00fcr Marken und Organisationsentwicklung. Marken- und Kommunikationsstrategie, systemisches Coaching\",\"breadcrumb\":{\"@id\":\"https:\\\/\\\/peis-people.com\\\/de\\\/#breadcrumb\"},\"inLanguage\":\"de\",\"potentialAction\":[{\"@type\":\"ReadAction\",\"target\":[\"https:\\\/\\\/peis-people.com\\\/de\\\/\"]}]},{\"@type\":\"BreadcrumbList\",\"@id\":\"https:\\\/\\\/peis-people.com\\\/de\\\/#breadcrumb\",\"itemListElement\":[{\"@type\":\"ListItem\",\"position\":1,\"name\":\"Home\",\"item\":\"https:\\\/\\\/peis-people.com\\\/de\\\/\"},{\"@type\":\"ListItem\",\"position\":2,\"name\":\"Home\"}]},{\"@type\":\"WebSite\",\"@id\":\"https:\\\/\\\/peis-people.com\\\/de\\\/#website\",\"url\":\"https:\\\/\\\/peis-people.com\\\/de\\\/\",\"name\":\"Peis und Menschen\",\"description\":\"peis&amp;people ist Ihr objektiver Sparringspartner, Herausforderer, Stratege und Coach f\u00fcr Fragen zu Ihrer Marke oder Ihrer Organisationsentwicklung\",\"publisher\":{\"@id\":\"https:\\\/\\\/peis-people.com\\\/de\\\/#organization\"},\"potentialAction\":[{\"@type\":\"SearchAction\",\"target\":{\"@type\":\"EntryPoint\",\"urlTemplate\":\"https:\\\/\\\/peis-people.com\\\/de\\\/?s={search_term_string}\"},\"query-input\":{\"@type\":\"PropertyValueSpecification\",\"valueRequired\":true,\"valueName\":\"search_term_string\"}}],\"inLanguage\":\"de\"},{\"@type\":\"Organization\",\"@id\":\"https:\\\/\\\/peis-people.com\\\/de\\\/#organization\",\"name\":\"peis&amp;people\",\"url\":\"https:\\\/\\\/peis-people.com\\\/de\\\/\",\"logo\":{\"@type\":\"ImageObject\",\"inLanguage\":\"de\",\"@id\":\"https:\\\/\\\/peis-people.com\\\/de\\\/#\\\/schema\\\/logo\\\/image\\\/\",\"url\":\"https:\\\/\\\/peis-people.com\\\/wp-content\\\/uploads\\\/2022\\\/05\\\/peis-people_home_3.png\",\"contentUrl\":\"https:\\\/\\\/peis-people.com\\\/wp-content\\\/uploads\\\/2022\\\/05\\\/peis-people_home_3.png\",\"width\":1440,\"height\":1536,\"caption\":\"peis&amp;people\"},\"image\":{\"@id\":\"https:\\\/\\\/peis-people.com\\\/de\\\/#\\\/schema\\\/logo\\\/image\\\/\"}}]}<\/script>\n<!-- \/ Yoast SEO plugin. -->","yoast_head_json":{"title":"Home - Peis und Menschen","description":"Inspirierende, einf\u00fchlsame nachhaltige systemische Strategie f\u00fcr Marken und Organisationsentwicklung. Marken- und Kommunikationsstrategie, systemisches Coaching","robots":{"index":"index","follow":"follow","max-snippet":"max-snippet:-1","max-image-preview":"max-image-preview:large","max-video-preview":"max-video-preview:-1"},"canonical":"https:\/\/peis-people.com\/de\/","og_locale":"de_DE","og_type":"article","og_title":"Home - Peis und Menschen","og_description":"Inspirierende, einf\u00fchlsame nachhaltige systemische Strategie f\u00fcr Marken und Organisationsentwicklung. Marken- und Kommunikationsstrategie, systemisches Coaching","og_url":"https:\/\/peis-people.com\/de\/","og_site_name":"Peis und Menschen","article_modified_time":"2024-08-02T06:01:02+00:00","og_image":[{"width":1440,"height":1536,"url":"https:\/\/peis-people.com\/wp-content\/uploads\/2022\/05\/peis-people_home_3.png","type":"image\/png"}],"twitter_card":"summary_large_image","twitter_misc":{"Gesch\u00e4tzte Lesezeit":"3\u00a0Minuten"},"schema":{"@context":"https:\/\/schema.org","@graph":[{"@type":"WebPage","@id":"https:\/\/peis-people.com\/de\/","url":"https:\/\/peis-people.com\/de\/","name":"Home - Peis und Menschen","isPartOf":{"@id":"https:\/\/peis-people.com\/de\/#website"},"datePublished":"2022-05-16T11:10:02+00:00","dateModified":"2024-08-02T06:01:02+00:00","description":"Inspirierende, einf\u00fchlsame nachhaltige systemische Strategie f\u00fcr Marken und Organisationsentwicklung. Marken- und Kommunikationsstrategie, systemisches Coaching","breadcrumb":{"@id":"https:\/\/peis-people.com\/de\/#breadcrumb"},"inLanguage":"de","potentialAction":[{"@type":"ReadAction","target":["https:\/\/peis-people.com\/de\/"]}]},{"@type":"BreadcrumbList","@id":"https:\/\/peis-people.com\/de\/#breadcrumb","itemListElement":[{"@type":"ListItem","position":1,"name":"Home","item":"https:\/\/peis-people.com\/de\/"},{"@type":"ListItem","position":2,"name":"Home"}]},{"@type":"WebSite","@id":"https:\/\/peis-people.com\/de\/#website","url":"https:\/\/peis-people.com\/de\/","name":"Peis und Menschen","description":"peis&amp;people ist Ihr objektiver Sparringspartner, Herausforderer, Stratege und Coach f\u00fcr Fragen zu Ihrer Marke oder Ihrer Organisationsentwicklung","publisher":{"@id":"https:\/\/peis-people.com\/de\/#organization"},"potentialAction":[{"@type":"SearchAction","target":{"@type":"EntryPoint","urlTemplate":"https:\/\/peis-people.com\/de\/?s={search_term_string}"},"query-input":{"@type":"PropertyValueSpecification","valueRequired":true,"valueName":"search_term_string"}}],"inLanguage":"de"},{"@type":"Organization","@id":"https:\/\/peis-people.com\/de\/#organization","name":"peis&amp;people","url":"https:\/\/peis-people.com\/de\/","logo":{"@type":"ImageObject","inLanguage":"de","@id":"https:\/\/peis-people.com\/de\/#\/schema\/logo\/image\/","url":"https:\/\/peis-people.com\/wp-content\/uploads\/2022\/05\/peis-people_home_3.png","contentUrl":"https:\/\/peis-people.com\/wp-content\/uploads\/2022\/05\/peis-people_home_3.png","width":1440,"height":1536,"caption":"peis&amp;people"},"image":{"@id":"https:\/\/peis-people.com\/de\/#\/schema\/logo\/image\/"}}]}},"_links":{"self":[{"href":"https:\/\/peis-people.com\/de\/wp-json\/wp\/v2\/pages\/568","targetHints":{"allow":["GET"]}}],"collection":[{"href":"https:\/\/peis-people.com\/de\/wp-json\/wp\/v2\/pages"}],"about":[{"href":"https:\/\/peis-people.com\/de\/wp-json\/wp\/v2\/types\/page"}],"author":[{"embeddable":true,"href":"https:\/\/peis-people.com\/de\/wp-json\/wp\/v2\/users\/1"}],"replies":[{"embeddable":true,"href":"https:\/\/peis-people.com\/de\/wp-json\/wp\/v2\/comments?post=568"}],"version-history":[{"count":47,"href":"https:\/\/peis-people.com\/de\/wp-json\/wp\/v2\/pages\/568\/revisions"}],"predecessor-version":[{"id":786,"href":"https:\/\/peis-people.com\/de\/wp-json\/wp\/v2\/pages\/568\/revisions\/786"}],"wp:attachment":[{"href":"https:\/\/peis-people.com\/de\/wp-json\/wp\/v2\/media?parent=568"}],"curies":[{"name":"wp","href":"https:\/\/api.w.org\/{rel}","templated":true}]}}