{"id":587,"date":"2022-05-16T12:05:47","date_gmt":"2022-05-16T12:05:47","guid":{"rendered":"https:\/\/peis-people.com\/ueber-uns\/"},"modified":"2024-08-09T11:18:51","modified_gmt":"2024-08-09T11:18:51","slug":"ueber-uns","status":"publish","type":"page","link":"https:\/\/peis-people.com\/de\/ueber-uns\/","title":{"rendered":"\u00dcber uns"},"content":{"rendered":"<p>[vc_section cf_light_color=&#8220;&#8220; cf_image_half=&#8220;&#8220; cf_background_image=&#8220;96&#8243;][vc_row][vc_column][cf_section_content_holder indent=&#8220;&#8220;][cf_section_text_variation rotation=&#8220;&#8220; main_text=&#8220;Wir sind peis&amp;people.&#8220; subline=&#8220;Wir entwickeln kreative Strategien und bef\u00e4higen euch, besser als Team zusammenzuarbeiten. Daf\u00fcr sind wir empathisch gegen\u00fcber Zielgruppen, eurem Team und unserem eigenen Netzwerk.&#8220; cf_testimonial=&#8220;%5B%7B%7D%5D&#8220;][\/cf_section_content_holder][\/vc_column][\/vc_row][\/vc_section][vc_section cf_light_color=&#8220;is_light&#8220; cf_image_half=&#8220;&#8220; cf_background_image=&#8220;97&#8243;][vc_row][vc_column][cf_section_content_holder indent=&#8220;&#8220;][cf_section_text_variation rotation=&#8220;&#8220; main_text=&#8220;Zusammengef\u00fchrt durch Nina, vereinen wir die Kompetenzen von kreativer Strategie und systemischem Coaching.&#8220; subline=&#8220;Wir sind eine Gruppe von Menschen mit derselben Denkweise, die in unterschiedlichen Konstellationen und mit verschiedenen Hintergr\u00fcnden als Team zusammengearbeitet haben. Unsere Kompetenzen werden kombiniert, und unser Netzwerk wird je nach euren Herausforderungen erweitert. Nina hat zuvor in leitender Strategieposition bei Kreativagenturen gearbeitet, bevor sie ihre Kompetenzen als systemische Coach und Teamentwicklerin erg\u00e4nzte. Unser Coaching-Team besteht ausschlie\u00dflich aus zertifizierten systemischen Coaches vom isb Wiesloch oder dem Artop-Institut der Humboldt-Universit\u00e4t zu Berlin. Zu unseren fr\u00fcheren und aktuellen Kunden z\u00e4hlen viele verschiedene internationale und nationale B2C- und B2B-Marken und -Organisationen.&#8220; cf_testimonial=&#8220;%5B%7B%7D%5D&#8220;][\/cf_section_content_holder][\/vc_column][\/vc_row][\/vc_section][vc_section cf_background_color=&#8220;cf-color-1-bg&#8220; cf_light_color=&#8220;&#8220; cf_image_half=&#8220;&#8220;][vc_row][vc_column][cf_section_content_holder indent=&#8220;&#8220;][cf_section_text_variation cf_testimonial=&#8220;%5B%7B%7D%5D&#8220; main_text=&#8220;Unsere St\u00e4rken&#8220;][cf_section_text_variation cf_testimonial=&#8220;%5B%7B%22cf_testimonial__statement%22%3A%22Systemisches%20Coaching%20%26%20Team%20Entwicklung.%22%7D%2C%7B%22cf_testimonial__statement%22%3A%22Markenstrategie%20%26%20Creative%20Planning.%20%22%7D%2C%7B%22cf_testimonial__statement%22%3A%22Kommunikations%20strategie%20%26%20Konzept.%22%7D%5D&#8220;]<div class=\"cf-clients\">\n        \n        <ul class=\"cf-clients__images\">\n          <li><a target=\"_blank\" href=\"https:\/\/www.isb-w.eu\/en\/\"><img decoding=\"async\" loading=\"lazy\" src=\"https:\/\/peis-people.com\/wp-content\/uploads\/2024\/07\/isb_pink.png\" srcset=\"https:\/\/peis-people.com\/wp-content\/uploads\/2024\/07\/isb_pink.png 511w, https:\/\/peis-people.com\/wp-content\/uploads\/2024\/07\/isb_pink-300x117.png 300w\" alt=\"\"><\/a><\/li><li><a target=\"_blank\" href=\"https:\/\/www.artop.de\/en\/\"><img decoding=\"async\" loading=\"lazy\" src=\"https:\/\/peis-people.com\/wp-content\/uploads\/2024\/07\/artop_Vector-1.png\" srcset=\"https:\/\/peis-people.com\/wp-content\/uploads\/2024\/07\/artop_Vector-1.png 551w, https:\/\/peis-people.com\/wp-content\/uploads\/2024\/07\/artop_Vector-1-300x99.png 300w\" alt=\"\"><\/a><\/li><li><a target=\"_blank\" href=\"https:\/\/www.dbvc.de\/\"><img decoding=\"async\" loading=\"lazy\" src=\"https:\/\/peis-people.com\/wp-content\/uploads\/2024\/07\/dbvc_pink.png\" srcset=\"https:\/\/peis-people.com\/wp-content\/uploads\/2024\/07\/dbvc_pink.png 466w, https:\/\/peis-people.com\/wp-content\/uploads\/2024\/07\/dbvc_pink-300x55.png 300w\" alt=\"\"><\/a><\/li>\n        <\/ul>\n\t\t\t<\/div>[\/cf_section_content_holder][\/vc_column][\/vc_row][\/vc_section][vc_section cf_light_color=&#8220;&#8220; cf_image_half=&#8220;&#8220; cf_background_image=&#8220;140&#8243; el_id=&#8220;bumblebee&#8220;][vc_row][vc_column][cf_section_content_holder indent=&#8220;&#8220;][cf_section_text_variation cf_testimonial=&#8220;%5B%7B%7D%5D&#8220; main_text=&#8220;Wir glauben an die Nachhaltigkeit eines ganzheitlichen Angangs von Projekten. Daf\u00fcr versuchen wir stets, eure Herausforderungen in ihrer Gesamtheit zu betrachten. Deswegen analysieren wir nicht nur die Situation selbst, sondern auch den gr\u00f6\u00dferen Kontext.&#8220; title=&#8220;Unsere Hummel-Perspektive&#8220; subline=&#8220;Die Hummel ist unsere Inspiration: Sie ist sozial und intelligent. Ihre F\u00e4higkeiten, Muster zu erkennen, r\u00fcckw\u00e4rts zu fliegen und die r\u00e4umliche Anordnung ihrer Umgebung im Verh\u00e4ltnis zu ihrem K\u00f6rper wahrzunehmen, hilft ihr, sich sicher und effizient durch dicht gedr\u00e4ngte Umgebungen zu bewegen. Wir sind nicht unbeholfen, sondern geschickt und zielorientiert. Wie eine freundliche Hummel.&#8220;][\/cf_section_content_holder][\/vc_column][\/vc_row][\/vc_section][vc_section cf_background_color=&#8220;cf-color-2-bg&#8220; cf_light_color=&#8220;&#8220; cf_image_half=&#8220;&#8220; css=&#8220;.vc_custom_1658418987463{margin-bottom: 40px !important;}&#8220;][vc_row][vc_column offset=&#8220;vc_col-lg-8 vc_col-md-12&#8243;]<div class=\"cf-our-people\">\n        <h3 class=\"cf-fs-2\">Unsere people<\/h3><img decoding=\"async\" loading=\"lazy\" src=\"https:\/\/peis-people.com\/wp-content\/uploads\/2022\/10\/NinaPeis_1949_\u00a9Anna-Lena.Guenther-scaled.jpg\" srcset=\"https:\/\/peis-people.com\/wp-content\/uploads\/2022\/10\/NinaPeis_1949_\u00a9Anna-Lena.Guenther-scaled.jpg 1707w, https:\/\/peis-people.com\/wp-content\/uploads\/2022\/10\/NinaPeis_1949_\u00a9Anna-Lena.Guenther-200x300.jpg 200w, https:\/\/peis-people.com\/wp-content\/uploads\/2022\/10\/NinaPeis_1949_\u00a9Anna-Lena.Guenther-683x1024.jpg 683w, https:\/\/peis-people.com\/wp-content\/uploads\/2022\/10\/NinaPeis_1949_\u00a9Anna-Lena.Guenther-768x1152.jpg 768w, https:\/\/peis-people.com\/wp-content\/uploads\/2022\/10\/NinaPeis_1949_\u00a9Anna-Lena.Guenther-1024x1536.jpg 1024w, https:\/\/peis-people.com\/wp-content\/uploads\/2022\/10\/NinaPeis_1949_\u00a9Anna-Lena.Guenther-1365x2048.jpg 1365w\" alt=\"\">\n        <ul class=\"cf-our-people__main-person\">\n          <li><a class=\"cf-fs-8\" target=\"_blank\" href=\"https:\/\/www.linkedin.com\/in\/nina-peis-46237537\/\">Nina Peis<svg class=\"icon cf-icon-peis-people_logo\"><use xlink:href=\"#cf-icon-external_link\"><\/use><\/svg><\/a><span>&nbsp;<\/span><p class=\"cf-fs-3\">Systemische Strategie &amp; Coaching<\/p><\/li>\n        <\/ul>\n\t\t\t\t<ul class=\"cf-our-people__persons\"><li><p class=\"cf-fs-9\"><a target=\"_blank\" href=\"https:\/\/www.linkedin.com\/in\/simon-papasabbas-5a680b5b\/\">Simon Papasabbas<svg class=\"icon cf-icon-peis-people_logo\"><use xlink:href=\"#cf-icon-external_link\"><\/use><\/svg><\/a><\/p><span>&nbsp;<\/span><p class=\"cf-fs-3\">Systemisches Coaching & Organisationsentwicklung<\/p><\/li><li><p class=\"cf-fs-9\"><a target=\"\" href=\"https:\/\/www.linkedin.com\/in\/pia-p%C3%B6tting-5736748b\/\">Pia P\u00f6tting<svg class=\"icon cf-icon-peis-people_logo\"><use xlink:href=\"#cf-icon-external_link\"><\/use><\/svg><\/a><\/p><span>&nbsp;<\/span><p class=\"cf-fs-3\">Markenstrategie & Organisationsentwicklung <\/p><\/li><li><p class=\"cf-fs-9\"><a target=\"_blank\" href=\"https:\/\/dariz.consulting\/\">Kathrin Dariz<svg class=\"icon cf-icon-peis-people_logo\"><use xlink:href=\"#cf-icon-external_link\"><\/use><\/svg><\/a><\/p><span>&nbsp;<\/span><p class=\"cf-fs-3\">Organisationsentwicklung & Business Coaching <\/p><\/li><li><p class=\"cf-fs-9\"><a target=\"_blank\" href=\"https:\/\/www.linkedin.com\/in\/mirka-bodenbender-6b41031a2\/\">Mirka Bodenbender<svg class=\"icon cf-icon-peis-people_logo\"><use xlink:href=\"#cf-icon-external_link\"><\/use><\/svg><\/a><\/p><span>&nbsp;<\/span><p class=\"cf-fs-3\">Systemisches Coaching<\/p><\/li><li><p class=\"cf-fs-9\"><a target=\"_blank\" href=\"https:\/\/www.annajohanna.com\/\">Anna Dressler<svg class=\"icon cf-icon-peis-people_logo\"><use xlink:href=\"#cf-icon-external_link\"><\/use><\/svg><\/a><\/p><span>&nbsp;<\/span><p class=\"cf-fs-3\">Konzept & Text<\/p><\/li><li><p class=\"cf-fs-9\"><a target=\"_blank\" href=\"https:\/\/www.thomasbruns.net\/\">Thomas Bruns<svg class=\"icon cf-icon-peis-people_logo\"><use xlink:href=\"#cf-icon-external_link\"><\/use><\/svg><\/a><\/p><span>&nbsp;<\/span><p class=\"cf-fs-3\">Konzept & Text<\/p><\/li><li><p class=\"cf-fs-9\"><a target=\"_blank\" href=\"https:\/\/www.oliverfroehnel.com\/about-1\/\">Oliver Fr\u00f6hnel<svg class=\"icon cf-icon-peis-people_logo\"><use xlink:href=\"#cf-icon-external_link\"><\/use><\/svg><\/a><\/p><span>&nbsp;<\/span><p class=\"cf-fs-3\">Konzept & Art Direction<\/p><\/li><li><p class=\"cf-fs-9\"><a target=\"_blank\" href=\"https:\/\/www.linkedin.com\/in\/karolin-reuhl-a1a560201\">Karolin Reuhl<svg class=\"icon cf-icon-peis-people_logo\"><use xlink:href=\"#cf-icon-external_link\"><\/use><\/svg><\/a><\/p><span>&nbsp;<\/span><p class=\"cf-fs-3\">Art Direction<\/p><\/li><li><p class=\"cf-fs-9\"><a target=\"_blank\" href=\"http:\/\/www.davidloehr.com\/\">David Loehr<svg class=\"icon cf-icon-peis-people_logo\"><use xlink:href=\"#cf-icon-external_link\"><\/use><\/svg><\/a><\/p><span>&nbsp;<\/span><p class=\"cf-fs-3\">Creative Direction & Marke im Raum <\/p><\/li><\/ul>\n\t\t\t<\/div>[\/vc_column][\/vc_row][\/vc_section]<\/p>\n","protected":false},"excerpt":{"rendered":"<p>[vc_section cf_light_color=&#8220;&#8220; cf_image_half=&#8220;&#8220; cf_background_image=&#8220;96&#8243;][vc_row][vc_column][cf_section_content_holder indent=&#8220;&#8220;][cf_section_text_variation rotation=&#8220;&#8220; main_text=&#8220;Wir sind peis&amp;people.&#8220; subline=&#8220;Wir entwickeln kreative Strategien und bef\u00e4higen euch, besser als Team zusammenzuarbeiten. Daf\u00fcr sind wir empathisch gegen\u00fcber Zielgruppen, eurem Team und unserem eigenen Netzwerk.&#8220; cf_testimonial=&#8220;%5B%7B%7D%5D&#8220;][\/cf_section_content_holder][\/vc_column][\/vc_row][\/vc_section][vc_section cf_light_color=&#8220;is_light&#8220; cf_image_half=&#8220;&#8220; cf_background_image=&#8220;97&#8243;][vc_row][vc_column][cf_section_content_holder indent=&#8220;&#8220;][cf_section_text_variation rotation=&#8220;&#8220; main_text=&#8220;Zusammengef\u00fchrt durch Nina, vereinen wir die Kompetenzen von kreativer Strategie und systemischem Coaching.&#8220; subline=&#8220;Wir sind eine Gruppe [&hellip;]<\/p>\n","protected":false},"author":1,"featured_media":0,"parent":0,"menu_order":0,"comment_status":"closed","ping_status":"closed","template":"","meta":{"footnotes":""},"class_list":["post-587","page","type-page","status-publish","hentry"],"yoast_head":"<!-- This site is optimized with the Yoast SEO plugin v27.4 - https:\/\/yoast.com\/product\/yoast-seo-wordpress\/ -->\n<title>\u00dcber uns - Peis und Menschen<\/title>\n<meta name=\"description\" content=\"peis&amp;people \u00fcber uns\" \/>\n<meta name=\"robots\" content=\"index, follow, max-snippet:-1, max-image-preview:large, max-video-preview:-1\" \/>\n<link rel=\"canonical\" href=\"https:\/\/peis-people.com\/de\/ueber-uns\/\" \/>\n<meta property=\"og:locale\" content=\"de_DE\" \/>\n<meta property=\"og:type\" content=\"article\" \/>\n<meta property=\"og:title\" content=\"\u00dcber uns - Peis und Menschen\" \/>\n<meta property=\"og:description\" content=\"peis&amp;people \u00fcber uns\" \/>\n<meta property=\"og:url\" content=\"https:\/\/peis-people.com\/de\/ueber-uns\/\" \/>\n<meta property=\"og:site_name\" content=\"Peis und Menschen\" \/>\n<meta property=\"article:modified_time\" content=\"2024-08-09T11:18:51+00:00\" \/>\n<meta property=\"og:image\" content=\"https:\/\/peis-people.com\/wp-content\/uploads\/2022\/05\/peis-people_home_3.png\" \/>\n\t<meta property=\"og:image:width\" content=\"1440\" \/>\n\t<meta property=\"og:image:height\" content=\"1536\" \/>\n\t<meta property=\"og:image:type\" content=\"image\/png\" \/>\n<meta name=\"twitter:card\" content=\"summary_large_image\" \/>\n<meta name=\"twitter:label1\" content=\"Gesch\u00e4tzte Lesezeit\" \/>\n\t<meta name=\"twitter:data1\" content=\"2\u00a0Minuten\" \/>\n<script type=\"application\/ld+json\" class=\"yoast-schema-graph\">{\"@context\":\"https:\\\/\\\/schema.org\",\"@graph\":[{\"@type\":\"WebPage\",\"@id\":\"https:\\\/\\\/peis-people.com\\\/de\\\/ueber-uns\\\/\",\"url\":\"https:\\\/\\\/peis-people.com\\\/de\\\/ueber-uns\\\/\",\"name\":\"\u00dcber uns - Peis und Menschen\",\"isPartOf\":{\"@id\":\"https:\\\/\\\/peis-people.com\\\/de\\\/#website\"},\"datePublished\":\"2022-05-16T12:05:47+00:00\",\"dateModified\":\"2024-08-09T11:18:51+00:00\",\"description\":\"peis&people \u00fcber uns\",\"breadcrumb\":{\"@id\":\"https:\\\/\\\/peis-people.com\\\/de\\\/ueber-uns\\\/#breadcrumb\"},\"inLanguage\":\"de\",\"potentialAction\":[{\"@type\":\"ReadAction\",\"target\":[\"https:\\\/\\\/peis-people.com\\\/de\\\/ueber-uns\\\/\"]}]},{\"@type\":\"BreadcrumbList\",\"@id\":\"https:\\\/\\\/peis-people.com\\\/de\\\/ueber-uns\\\/#breadcrumb\",\"itemListElement\":[{\"@type\":\"ListItem\",\"position\":1,\"name\":\"Home\",\"item\":\"https:\\\/\\\/peis-people.com\\\/de\\\/\"},{\"@type\":\"ListItem\",\"position\":2,\"name\":\"\u00dcber uns\"}]},{\"@type\":\"WebSite\",\"@id\":\"https:\\\/\\\/peis-people.com\\\/de\\\/#website\",\"url\":\"https:\\\/\\\/peis-people.com\\\/de\\\/\",\"name\":\"Peis und Menschen\",\"description\":\"peis&amp;people ist Ihr objektiver Sparringspartner, Herausforderer, Stratege und Coach f\u00fcr Fragen zu Ihrer Marke oder Ihrer Organisationsentwicklung\",\"publisher\":{\"@id\":\"https:\\\/\\\/peis-people.com\\\/de\\\/#organization\"},\"potentialAction\":[{\"@type\":\"SearchAction\",\"target\":{\"@type\":\"EntryPoint\",\"urlTemplate\":\"https:\\\/\\\/peis-people.com\\\/de\\\/?s={search_term_string}\"},\"query-input\":{\"@type\":\"PropertyValueSpecification\",\"valueRequired\":true,\"valueName\":\"search_term_string\"}}],\"inLanguage\":\"de\"},{\"@type\":\"Organization\",\"@id\":\"https:\\\/\\\/peis-people.com\\\/de\\\/#organization\",\"name\":\"peis&amp;people\",\"url\":\"https:\\\/\\\/peis-people.com\\\/de\\\/\",\"logo\":{\"@type\":\"ImageObject\",\"inLanguage\":\"de\",\"@id\":\"https:\\\/\\\/peis-people.com\\\/de\\\/#\\\/schema\\\/logo\\\/image\\\/\",\"url\":\"https:\\\/\\\/peis-people.com\\\/wp-content\\\/uploads\\\/2022\\\/05\\\/peis-people_home_3.png\",\"contentUrl\":\"https:\\\/\\\/peis-people.com\\\/wp-content\\\/uploads\\\/2022\\\/05\\\/peis-people_home_3.png\",\"width\":1440,\"height\":1536,\"caption\":\"peis&amp;people\"},\"image\":{\"@id\":\"https:\\\/\\\/peis-people.com\\\/de\\\/#\\\/schema\\\/logo\\\/image\\\/\"}}]}<\/script>\n<!-- \/ Yoast SEO plugin. -->","yoast_head_json":{"title":"\u00dcber uns - Peis und Menschen","description":"peis&people \u00fcber uns","robots":{"index":"index","follow":"follow","max-snippet":"max-snippet:-1","max-image-preview":"max-image-preview:large","max-video-preview":"max-video-preview:-1"},"canonical":"https:\/\/peis-people.com\/de\/ueber-uns\/","og_locale":"de_DE","og_type":"article","og_title":"\u00dcber uns - Peis und Menschen","og_description":"peis&people \u00fcber uns","og_url":"https:\/\/peis-people.com\/de\/ueber-uns\/","og_site_name":"Peis und Menschen","article_modified_time":"2024-08-09T11:18:51+00:00","og_image":[{"width":1440,"height":1536,"url":"https:\/\/peis-people.com\/wp-content\/uploads\/2022\/05\/peis-people_home_3.png","type":"image\/png"}],"twitter_card":"summary_large_image","twitter_misc":{"Gesch\u00e4tzte Lesezeit":"2\u00a0Minuten"},"schema":{"@context":"https:\/\/schema.org","@graph":[{"@type":"WebPage","@id":"https:\/\/peis-people.com\/de\/ueber-uns\/","url":"https:\/\/peis-people.com\/de\/ueber-uns\/","name":"\u00dcber uns - Peis und Menschen","isPartOf":{"@id":"https:\/\/peis-people.com\/de\/#website"},"datePublished":"2022-05-16T12:05:47+00:00","dateModified":"2024-08-09T11:18:51+00:00","description":"peis&people \u00fcber uns","breadcrumb":{"@id":"https:\/\/peis-people.com\/de\/ueber-uns\/#breadcrumb"},"inLanguage":"de","potentialAction":[{"@type":"ReadAction","target":["https:\/\/peis-people.com\/de\/ueber-uns\/"]}]},{"@type":"BreadcrumbList","@id":"https:\/\/peis-people.com\/de\/ueber-uns\/#breadcrumb","itemListElement":[{"@type":"ListItem","position":1,"name":"Home","item":"https:\/\/peis-people.com\/de\/"},{"@type":"ListItem","position":2,"name":"\u00dcber uns"}]},{"@type":"WebSite","@id":"https:\/\/peis-people.com\/de\/#website","url":"https:\/\/peis-people.com\/de\/","name":"Peis und Menschen","description":"peis&amp;people ist Ihr objektiver Sparringspartner, Herausforderer, Stratege und Coach f\u00fcr Fragen zu Ihrer Marke oder Ihrer Organisationsentwicklung","publisher":{"@id":"https:\/\/peis-people.com\/de\/#organization"},"potentialAction":[{"@type":"SearchAction","target":{"@type":"EntryPoint","urlTemplate":"https:\/\/peis-people.com\/de\/?s={search_term_string}"},"query-input":{"@type":"PropertyValueSpecification","valueRequired":true,"valueName":"search_term_string"}}],"inLanguage":"de"},{"@type":"Organization","@id":"https:\/\/peis-people.com\/de\/#organization","name":"peis&amp;people","url":"https:\/\/peis-people.com\/de\/","logo":{"@type":"ImageObject","inLanguage":"de","@id":"https:\/\/peis-people.com\/de\/#\/schema\/logo\/image\/","url":"https:\/\/peis-people.com\/wp-content\/uploads\/2022\/05\/peis-people_home_3.png","contentUrl":"https:\/\/peis-people.com\/wp-content\/uploads\/2022\/05\/peis-people_home_3.png","width":1440,"height":1536,"caption":"peis&amp;people"},"image":{"@id":"https:\/\/peis-people.com\/de\/#\/schema\/logo\/image\/"}}]}},"_links":{"self":[{"href":"https:\/\/peis-people.com\/de\/wp-json\/wp\/v2\/pages\/587","targetHints":{"allow":["GET"]}}],"collection":[{"href":"https:\/\/peis-people.com\/de\/wp-json\/wp\/v2\/pages"}],"about":[{"href":"https:\/\/peis-people.com\/de\/wp-json\/wp\/v2\/types\/page"}],"author":[{"embeddable":true,"href":"https:\/\/peis-people.com\/de\/wp-json\/wp\/v2\/users\/1"}],"replies":[{"embeddable":true,"href":"https:\/\/peis-people.com\/de\/wp-json\/wp\/v2\/comments?post=587"}],"version-history":[{"count":19,"href":"https:\/\/peis-people.com\/de\/wp-json\/wp\/v2\/pages\/587\/revisions"}],"predecessor-version":[{"id":808,"href":"https:\/\/peis-people.com\/de\/wp-json\/wp\/v2\/pages\/587\/revisions\/808"}],"wp:attachment":[{"href":"https:\/\/peis-people.com\/de\/wp-json\/wp\/v2\/media?parent=587"}],"curies":[{"name":"wp","href":"https:\/\/api.w.org\/{rel}","templated":true}]}}