{"id":589,"date":"2022-05-16T12:34:50","date_gmt":"2022-05-16T12:34:50","guid":{"rendered":"https:\/\/peis-people.com\/impressum\/"},"modified":"2024-07-26T10:02:41","modified_gmt":"2024-07-26T10:02:41","slug":"impressum","status":"publish","type":"page","link":"https:\/\/peis-people.com\/de\/impressum\/","title":{"rendered":"Impressum"},"content":{"rendered":"<p>[vc_section cf_light_color=&#8220;&#8220; cf_image_half=&#8220;&#8220; css=&#8220;.vc_custom_1656409259939{padding-top: 230px !important;padding-bottom: 230px !important;}&#8220;][vc_row][vc_column width=&#8220;2\/3&#8243;][vc_column_text]<\/p>\n<h2 class=\"font_2\">Impressum.<\/h2>\n<p>  Nina Peis Choriner Str. 6 10119 Berlin <span class=\"wixGuard\">Tel<\/span>.: 0151-62842629 E-Mail:hello@peisandpeople.de Website: <span class=\"wixGuard\">www.peis-people.com<\/span> USt.-IdNr.: DE 3250224829 Steuernummer: 13 855 6970 6  &nbsp;<\/p>\n<h2 id=\"tw-target-text\" class=\"tw-data-text tw-text-large tw-ta\" dir=\"ltr\" data-placeholder=\"Translation\"><span class=\"Y2IQFc\" lang=\"en\">Haftungsausschluss. Haftung f\u00fcr den Inhalt.<\/span><\/h2>\n<p id=\"tw-target-text\" class=\"tw-data-text tw-text-large tw-ta\" dir=\"ltr\" data-placeholder=\"Translation\"><span class=\"Y2IQFc\" lang=\"en\">Die Inhalte meiner Seiten wurden mit gro\u00dfer Sorgfalt erstellt. Ich kann jedoch nicht garantieren, dass der Inhalt richtig, vollst\u00e4ndig oder aktuell ist. Als Diensteanbieter bin ich gem\u00e4\u00df \u00a7 7 Abs.1 TMG f\u00fcr eigene Inhalte auf diesen Seiten nach den allgemeinen Gesetzen verantwortlich. Nach \u00a7\u00a7 8 bis 10 TMG bin ich als Diensteanbieter jedoch nicht verpflichtet, \u00fcbermittelte oder gespeicherte fremde Informationen zu \u00fcberwachen oder nach Umst\u00e4nden zu forschen, die auf eine rechtswidrige T\u00e4tigkeit hinweisen. Verpflichtungen zur Entfernung oder Sperrung der Nutzung von Informationen nach den allgemeinen Gesetzen bleiben hiervon unber\u00fchrt. Eine diesbez\u00fcgliche Haftung ist jedoch erst ab dem Zeitpunkt der Kenntnis einer konkreten Rechtsverletzung m\u00f6glich. Sobald mir Rechtsverst\u00f6\u00dfe bekannt werden, werde ich diese Inhalte umgehend entfernen.<\/span><\/p>\n<h2 class=\"font_7\"><span class=\"wixGuard\">Haftung f\u00fcr Links.<\/span><\/h2>\n<p id=\"tw-target-text\" class=\"tw-data-text tw-text-large tw-ta\" dir=\"ltr\" data-placeholder=\"Translation\"><span class=\"Y2IQFc\" lang=\"en\">Mein Angebot enth\u00e4lt Links zu externen Websites, auf die ich keinen Einfluss habe. Deshalb kann ich f\u00fcr diese fremden Inhalte auch keine Gew\u00e4hr \u00fcbernehmen. F\u00fcr die Inhalte der verlinkten Seiten ist stets der jeweilige Anbieter oder Betreiber der Seiten verantwortlich. Die verlinkten Seiten wurden zum Zeitpunkt der Verlinkung auf m\u00f6gliche Rechtsverst\u00f6\u00dfe \u00fcberpr\u00fcft. Rechtswidrige Inhalte waren zum Zeitpunkt der Verlinkung nicht erkennbar. Eine permanente inhaltliche Kontrolle der verlinkten Seiten ist jedoch ohne konkrete Anhaltspunkte einer Rechtsverletzung nicht zumutbar. Sobald mir Rechtsverst\u00f6\u00dfe bekannt werden, werde ich solche Links umgehend entfernen.<\/span><\/p>\n<h2 dir=\"ltr\" data-placeholder=\"Translation\">Copyright.<\/h2>\n<p id=\"tw-target-text\" class=\"tw-data-text tw-text-large tw-ta\" dir=\"ltr\" data-placeholder=\"Translation\"><span class=\"Y2IQFc\" lang=\"en\">Die durch die Seitenbetreiber erstellten Inhalte und Werke auf diesen Seiten unterliegen dem deutschen Urheberrecht. Die Vervielf\u00e4ltigung, Bearbeitung, Verbreitung und jede Art der Verwertung au\u00dferhalb der Grenzen des Urheberrechtes bed\u00fcrfen der schriftlichen Zustimmung des jeweiligen Autors bzw. Erstellers. Downloads und Kopien dieser Seite sind nur f\u00fcr den privaten, nicht kommerziellen Gebrauch gestattet. Soweit die Inhalte auf dieser Seite nicht vom Betreiber erstellt wurden, werden die Urheberrechte Dritter beachtet. Insbesondere werden Inhalte Dritter als solche gekennzeichnet. Sollten Sie dennoch auf eine Urheberrechtsverletzung aufmerksam werden, informieren Sie mich bitte entsprechend. Sobald uns Rechtsverst\u00f6\u00dfe bekannt werden, werden wir diese Inhalte umgehend entfernen.<\/span><\/p>\n<p class=\"font_7\"><span class=\"wixGuard\">\u00a9 2019 Nina Peis &#8211; Alle Rechte vorbehalten<\/span><\/p>\n<p>[\/vc_column_text][\/vc_column][\/vc_row][\/vc_section]<\/p>\n","protected":false},"excerpt":{"rendered":"<p>[vc_section cf_light_color=&#8220;&#8220; cf_image_half=&#8220;&#8220; css=&#8220;.vc_custom_1656409259939{padding-top: 230px !important;padding-bottom: 230px !important;}&#8220;][vc_row][vc_column width=&#8220;2\/3&#8243;][vc_column_text] Impressum. Nina Peis Choriner Str. 6 10119 Berlin Tel.: 0151-62842629 E-Mail:hello@peisandpeople.de Website: www.peis-people.com USt.-IdNr.: DE 3250224829 Steuernummer: 13 855 6970 6 &nbsp; Haftungsausschluss. Haftung f\u00fcr den Inhalt. Die Inhalte meiner Seiten wurden mit gro\u00dfer Sorgfalt erstellt. Ich kann jedoch nicht garantieren, dass der Inhalt richtig, vollst\u00e4ndig [&hellip;]<\/p>\n","protected":false},"author":1,"featured_media":0,"parent":0,"menu_order":0,"comment_status":"closed","ping_status":"closed","template":"","meta":{"footnotes":""},"class_list":["post-589","page","type-page","status-publish","hentry"],"yoast_head":"<!-- This site is optimized with the Yoast SEO plugin v27.3 - https:\/\/yoast.com\/product\/yoast-seo-wordpress\/ -->\n<title>Impressum - Peis und Menschen<\/title>\n<meta name=\"robots\" content=\"index, follow, max-snippet:-1, max-image-preview:large, max-video-preview:-1\" \/>\n<link rel=\"canonical\" href=\"https:\/\/peis-people.com\/de\/impressum\/\" \/>\n<meta property=\"og:locale\" content=\"de_DE\" \/>\n<meta property=\"og:type\" content=\"article\" \/>\n<meta property=\"og:title\" content=\"Impressum - Peis und Menschen\" \/>\n<meta property=\"og:description\" content=\"[vc_section cf_light_color=&#8220;&#8220; cf_image_half=&#8220;&#8220; css=&#8220;.vc_custom_1656409259939{padding-top: 230px !important;padding-bottom: 230px !important;}&#8220;][vc_row][vc_column width=&#8220;2\/3&#8243;][vc_column_text] Impressum. Nina Peis Choriner Str. 6 10119 Berlin Tel.: 0151-62842629 E-Mail:hello@peisandpeople.de Website: www.peis-people.com USt.-IdNr.: DE 3250224829 Steuernummer: 13 855 6970 6 &nbsp; Haftungsausschluss. Haftung f\u00fcr den Inhalt. Die Inhalte meiner Seiten wurden mit gro\u00dfer Sorgfalt erstellt. Ich kann jedoch nicht garantieren, dass der Inhalt richtig, vollst\u00e4ndig [&hellip;]\" \/>\n<meta property=\"og:url\" content=\"https:\/\/peis-people.com\/de\/impressum\/\" \/>\n<meta property=\"og:site_name\" content=\"Peis und Menschen\" \/>\n<meta property=\"article:modified_time\" content=\"2024-07-26T10:02:41+00:00\" \/>\n<meta property=\"og:image\" content=\"https:\/\/peis-people.com\/wp-content\/uploads\/2022\/05\/peis-people_home_3.png\" \/>\n\t<meta property=\"og:image:width\" content=\"1440\" \/>\n\t<meta property=\"og:image:height\" content=\"1536\" \/>\n\t<meta property=\"og:image:type\" content=\"image\/png\" \/>\n<meta name=\"twitter:card\" content=\"summary_large_image\" \/>\n<meta name=\"twitter:label1\" content=\"Gesch\u00e4tzte Lesezeit\" \/>\n\t<meta name=\"twitter:data1\" content=\"2\u00a0Minuten\" \/>\n<script type=\"application\/ld+json\" class=\"yoast-schema-graph\">{\"@context\":\"https:\\\/\\\/schema.org\",\"@graph\":[{\"@type\":\"WebPage\",\"@id\":\"https:\\\/\\\/peis-people.com\\\/de\\\/impressum\\\/\",\"url\":\"https:\\\/\\\/peis-people.com\\\/de\\\/impressum\\\/\",\"name\":\"Impressum - Peis und Menschen\",\"isPartOf\":{\"@id\":\"https:\\\/\\\/peis-people.com\\\/de\\\/#website\"},\"datePublished\":\"2022-05-16T12:34:50+00:00\",\"dateModified\":\"2024-07-26T10:02:41+00:00\",\"breadcrumb\":{\"@id\":\"https:\\\/\\\/peis-people.com\\\/de\\\/impressum\\\/#breadcrumb\"},\"inLanguage\":\"de\",\"potentialAction\":[{\"@type\":\"ReadAction\",\"target\":[\"https:\\\/\\\/peis-people.com\\\/de\\\/impressum\\\/\"]}]},{\"@type\":\"BreadcrumbList\",\"@id\":\"https:\\\/\\\/peis-people.com\\\/de\\\/impressum\\\/#breadcrumb\",\"itemListElement\":[{\"@type\":\"ListItem\",\"position\":1,\"name\":\"Home\",\"item\":\"https:\\\/\\\/peis-people.com\\\/de\\\/\"},{\"@type\":\"ListItem\",\"position\":2,\"name\":\"Impressum\"}]},{\"@type\":\"WebSite\",\"@id\":\"https:\\\/\\\/peis-people.com\\\/de\\\/#website\",\"url\":\"https:\\\/\\\/peis-people.com\\\/de\\\/\",\"name\":\"Peis und Menschen\",\"description\":\"peis&amp;people ist Ihr objektiver Sparringspartner, Herausforderer, Stratege und Coach f\u00fcr Fragen zu Ihrer Marke oder Ihrer Organisationsentwicklung\",\"publisher\":{\"@id\":\"https:\\\/\\\/peis-people.com\\\/de\\\/#organization\"},\"potentialAction\":[{\"@type\":\"SearchAction\",\"target\":{\"@type\":\"EntryPoint\",\"urlTemplate\":\"https:\\\/\\\/peis-people.com\\\/de\\\/?s={search_term_string}\"},\"query-input\":{\"@type\":\"PropertyValueSpecification\",\"valueRequired\":true,\"valueName\":\"search_term_string\"}}],\"inLanguage\":\"de\"},{\"@type\":\"Organization\",\"@id\":\"https:\\\/\\\/peis-people.com\\\/de\\\/#organization\",\"name\":\"peis&amp;people\",\"url\":\"https:\\\/\\\/peis-people.com\\\/de\\\/\",\"logo\":{\"@type\":\"ImageObject\",\"inLanguage\":\"de\",\"@id\":\"https:\\\/\\\/peis-people.com\\\/de\\\/#\\\/schema\\\/logo\\\/image\\\/\",\"url\":\"https:\\\/\\\/peis-people.com\\\/wp-content\\\/uploads\\\/2022\\\/05\\\/peis-people_home_3.png\",\"contentUrl\":\"https:\\\/\\\/peis-people.com\\\/wp-content\\\/uploads\\\/2022\\\/05\\\/peis-people_home_3.png\",\"width\":1440,\"height\":1536,\"caption\":\"peis&amp;people\"},\"image\":{\"@id\":\"https:\\\/\\\/peis-people.com\\\/de\\\/#\\\/schema\\\/logo\\\/image\\\/\"}}]}<\/script>\n<!-- \/ Yoast SEO plugin. -->","yoast_head_json":{"title":"Impressum - Peis und Menschen","robots":{"index":"index","follow":"follow","max-snippet":"max-snippet:-1","max-image-preview":"max-image-preview:large","max-video-preview":"max-video-preview:-1"},"canonical":"https:\/\/peis-people.com\/de\/impressum\/","og_locale":"de_DE","og_type":"article","og_title":"Impressum - Peis und Menschen","og_description":"[vc_section cf_light_color=&#8220;&#8220; cf_image_half=&#8220;&#8220; css=&#8220;.vc_custom_1656409259939{padding-top: 230px !important;padding-bottom: 230px !important;}&#8220;][vc_row][vc_column width=&#8220;2\/3&#8243;][vc_column_text] Impressum. Nina Peis Choriner Str. 6 10119 Berlin Tel.: 0151-62842629 E-Mail:hello@peisandpeople.de Website: www.peis-people.com USt.-IdNr.: DE 3250224829 Steuernummer: 13 855 6970 6 &nbsp; Haftungsausschluss. Haftung f\u00fcr den Inhalt. Die Inhalte meiner Seiten wurden mit gro\u00dfer Sorgfalt erstellt. Ich kann jedoch nicht garantieren, dass der Inhalt richtig, vollst\u00e4ndig [&hellip;]","og_url":"https:\/\/peis-people.com\/de\/impressum\/","og_site_name":"Peis und Menschen","article_modified_time":"2024-07-26T10:02:41+00:00","og_image":[{"width":1440,"height":1536,"url":"https:\/\/peis-people.com\/wp-content\/uploads\/2022\/05\/peis-people_home_3.png","type":"image\/png"}],"twitter_card":"summary_large_image","twitter_misc":{"Gesch\u00e4tzte Lesezeit":"2\u00a0Minuten"},"schema":{"@context":"https:\/\/schema.org","@graph":[{"@type":"WebPage","@id":"https:\/\/peis-people.com\/de\/impressum\/","url":"https:\/\/peis-people.com\/de\/impressum\/","name":"Impressum - Peis und Menschen","isPartOf":{"@id":"https:\/\/peis-people.com\/de\/#website"},"datePublished":"2022-05-16T12:34:50+00:00","dateModified":"2024-07-26T10:02:41+00:00","breadcrumb":{"@id":"https:\/\/peis-people.com\/de\/impressum\/#breadcrumb"},"inLanguage":"de","potentialAction":[{"@type":"ReadAction","target":["https:\/\/peis-people.com\/de\/impressum\/"]}]},{"@type":"BreadcrumbList","@id":"https:\/\/peis-people.com\/de\/impressum\/#breadcrumb","itemListElement":[{"@type":"ListItem","position":1,"name":"Home","item":"https:\/\/peis-people.com\/de\/"},{"@type":"ListItem","position":2,"name":"Impressum"}]},{"@type":"WebSite","@id":"https:\/\/peis-people.com\/de\/#website","url":"https:\/\/peis-people.com\/de\/","name":"Peis und Menschen","description":"peis&amp;people ist Ihr objektiver Sparringspartner, Herausforderer, Stratege und Coach f\u00fcr Fragen zu Ihrer Marke oder Ihrer Organisationsentwicklung","publisher":{"@id":"https:\/\/peis-people.com\/de\/#organization"},"potentialAction":[{"@type":"SearchAction","target":{"@type":"EntryPoint","urlTemplate":"https:\/\/peis-people.com\/de\/?s={search_term_string}"},"query-input":{"@type":"PropertyValueSpecification","valueRequired":true,"valueName":"search_term_string"}}],"inLanguage":"de"},{"@type":"Organization","@id":"https:\/\/peis-people.com\/de\/#organization","name":"peis&amp;people","url":"https:\/\/peis-people.com\/de\/","logo":{"@type":"ImageObject","inLanguage":"de","@id":"https:\/\/peis-people.com\/de\/#\/schema\/logo\/image\/","url":"https:\/\/peis-people.com\/wp-content\/uploads\/2022\/05\/peis-people_home_3.png","contentUrl":"https:\/\/peis-people.com\/wp-content\/uploads\/2022\/05\/peis-people_home_3.png","width":1440,"height":1536,"caption":"peis&amp;people"},"image":{"@id":"https:\/\/peis-people.com\/de\/#\/schema\/logo\/image\/"}}]}},"_links":{"self":[{"href":"https:\/\/peis-people.com\/de\/wp-json\/wp\/v2\/pages\/589","targetHints":{"allow":["GET"]}}],"collection":[{"href":"https:\/\/peis-people.com\/de\/wp-json\/wp\/v2\/pages"}],"about":[{"href":"https:\/\/peis-people.com\/de\/wp-json\/wp\/v2\/types\/page"}],"author":[{"embeddable":true,"href":"https:\/\/peis-people.com\/de\/wp-json\/wp\/v2\/users\/1"}],"replies":[{"embeddable":true,"href":"https:\/\/peis-people.com\/de\/wp-json\/wp\/v2\/comments?post=589"}],"version-history":[{"count":1,"href":"https:\/\/peis-people.com\/de\/wp-json\/wp\/v2\/pages\/589\/revisions"}],"predecessor-version":[{"id":590,"href":"https:\/\/peis-people.com\/de\/wp-json\/wp\/v2\/pages\/589\/revisions\/590"}],"wp:attachment":[{"href":"https:\/\/peis-people.com\/de\/wp-json\/wp\/v2\/media?parent=589"}],"curies":[{"name":"wp","href":"https:\/\/api.w.org\/{rel}","templated":true}]}}